{"id":4818,"date":"2023-03-16T11:12:19","date_gmt":"2023-03-16T11:12:19","guid":{"rendered":"https:\/\/www.karismawines.com\/?page_id=4818"},"modified":"2025-09-15T13:19:51","modified_gmt":"2025-09-15T13:19:51","slug":"inicio-karismawines-2","status":"publish","type":"page","link":"https:\/\/www.karismawines.com\/en\/","title":{"rendered":"Inicio KarismaWines"},"content":{"rendered":"<div class=\"wp-block-group is-nowrap is-layout-flex wp-container-core-group-is-layout-ad2f72ca wp-block-group-is-layout-flex\"><\/div>\n\n\n\n\n\n\n\n<div class=\"wp-block-media-text is-stacked-on-mobile\"><figure class=\"wp-block-media-text__media\"><\/figure><div class=\"wp-block-media-text__content\">\n<p><\/p>\n<\/div><\/div>\n\n\n\n<p><\/p>","protected":false},"excerpt":{"rendered":"","protected":false},"author":1,"featured_media":0,"parent":0,"menu_order":0,"comment_status":"closed","ping_status":"closed","template":"","meta":{"_joinchat":[],"footnotes":""},"class_list":["post-4818","page","type-page","status-publish","hentry"],"yoast_head":"<!-- This site is optimized with the Yoast SEO plugin v27.5 - https:\/\/yoast.com\/product\/yoast-seo-wordpress\/ -->\n<title>KarismaWines - Pasi\u00f3n por el vino desde 1999 -<\/title>\n<meta name=\"description\" content=\"Probablemente el acceso m\u00e1s f\u00e1cil y eficiente a la mejor selecci\u00f3n de vinos espa\u00f1oles.\" \/>\n<meta name=\"robots\" content=\"index, follow, max-snippet:-1, max-image-preview:large, max-video-preview:-1\" \/>\n<link rel=\"canonical\" href=\"https:\/\/www.karismawines.com\/en\/\" \/>\n<meta property=\"og:locale\" content=\"en_GB\" \/>\n<meta property=\"og:type\" content=\"article\" \/>\n<meta property=\"og:title\" content=\"KarismaWines - Pasi\u00f3n por el vino desde 1999 -\" \/>\n<meta property=\"og:description\" content=\"Probablemente el acceso m\u00e1s f\u00e1cil y eficiente a la mejor selecci\u00f3n de vinos espa\u00f1oles.\" \/>\n<meta property=\"og:url\" content=\"https:\/\/www.karismawines.com\/en\/\" \/>\n<meta property=\"og:site_name\" content=\"KarismaWines\" \/>\n<meta property=\"article:modified_time\" content=\"2025-09-15T13:19:51+00:00\" \/>\n<meta name=\"twitter:card\" content=\"summary_large_image\" \/>\n<meta name=\"twitter:label1\" content=\"Estimated reading time\" \/>\n\t<meta name=\"twitter:data1\" content=\"4 minutes\" \/>\n<script type=\"application\/ld+json\" class=\"yoast-schema-graph\">{\"@context\":\"https:\\\/\\\/schema.org\",\"@graph\":[{\"@type\":\"WebPage\",\"@id\":\"https:\\\/\\\/www.karismawines.com\\\/\",\"url\":\"https:\\\/\\\/www.karismawines.com\\\/\",\"name\":\"KarismaWines - Pasi\u00f3n por el vino desde 1999 -\",\"isPartOf\":{\"@id\":\"https:\\\/\\\/www.karismawines.com\\\/#website\"},\"datePublished\":\"2023-03-16T11:12:19+00:00\",\"dateModified\":\"2025-09-15T13:19:51+00:00\",\"description\":\"Probablemente el acceso m\u00e1s f\u00e1cil y eficiente a la mejor selecci\u00f3n de vinos espa\u00f1oles.\",\"breadcrumb\":{\"@id\":\"https:\\\/\\\/www.karismawines.com\\\/#breadcrumb\"},\"inLanguage\":\"en-GB\",\"potentialAction\":[{\"@type\":\"ReadAction\",\"target\":[\"https:\\\/\\\/www.karismawines.com\\\/\"]}]},{\"@type\":\"BreadcrumbList\",\"@id\":\"https:\\\/\\\/www.karismawines.com\\\/#breadcrumb\",\"itemListElement\":[{\"@type\":\"ListItem\",\"position\":1,\"name\":\"Portada\",\"item\":\"https:\\\/\\\/www.karismawines.com\\\/\"},{\"@type\":\"ListItem\",\"position\":2,\"name\":\"Inicio KarismaWines\"}]},{\"@type\":\"WebSite\",\"@id\":\"https:\\\/\\\/www.karismawines.com\\\/#website\",\"url\":\"https:\\\/\\\/www.karismawines.com\\\/\",\"name\":\"KarismaWines\",\"description\":\"Pasi\u00f3n por el vino desde 1999\",\"potentialAction\":[{\"@type\":\"SearchAction\",\"target\":{\"@type\":\"EntryPoint\",\"urlTemplate\":\"https:\\\/\\\/www.karismawines.com\\\/?s={search_term_string}\"},\"query-input\":{\"@type\":\"PropertyValueSpecification\",\"valueRequired\":true,\"valueName\":\"search_term_string\"}}],\"inLanguage\":\"en-GB\"}]}<\/script>\n<!-- \/ Yoast SEO plugin. -->","yoast_head_json":{"title":"KarismaWines - Pasi\u00f3n por el vino desde 1999 -","description":"Probably the easiest and most efficient access to the best selection of Spanish wines.","robots":{"index":"index","follow":"follow","max-snippet":"max-snippet:-1","max-image-preview":"max-image-preview:large","max-video-preview":"max-video-preview:-1"},"canonical":"https:\/\/www.karismawines.com\/en\/","og_locale":"en_GB","og_type":"article","og_title":"KarismaWines - Pasi\u00f3n por el vino desde 1999 -","og_description":"Probablemente el acceso m\u00e1s f\u00e1cil y eficiente a la mejor selecci\u00f3n de vinos espa\u00f1oles.","og_url":"https:\/\/www.karismawines.com\/en\/","og_site_name":"KarismaWines","article_modified_time":"2025-09-15T13:19:51+00:00","twitter_card":"summary_large_image","twitter_misc":{"Estimated reading time":"4 minutes"},"schema":{"@context":"https:\/\/schema.org","@graph":[{"@type":"WebPage","@id":"https:\/\/www.karismawines.com\/","url":"https:\/\/www.karismawines.com\/","name":"KarismaWines - Pasi\u00f3n por el vino desde 1999 -","isPartOf":{"@id":"https:\/\/www.karismawines.com\/#website"},"datePublished":"2023-03-16T11:12:19+00:00","dateModified":"2025-09-15T13:19:51+00:00","description":"Probably the easiest and most efficient access to the best selection of Spanish wines.","breadcrumb":{"@id":"https:\/\/www.karismawines.com\/#breadcrumb"},"inLanguage":"en-GB","potentialAction":[{"@type":"ReadAction","target":["https:\/\/www.karismawines.com\/"]}]},{"@type":"BreadcrumbList","@id":"https:\/\/www.karismawines.com\/#breadcrumb","itemListElement":[{"@type":"ListItem","position":1,"name":"Portada","item":"https:\/\/www.karismawines.com\/"},{"@type":"ListItem","position":2,"name":"Inicio KarismaWines"}]},{"@type":"WebSite","@id":"https:\/\/www.karismawines.com\/#website","url":"https:\/\/www.karismawines.com\/","name":"KarismaWines","description":"Pasi\u00f3n por el vino desde 1999","potentialAction":[{"@type":"SearchAction","target":{"@type":"EntryPoint","urlTemplate":"https:\/\/www.karismawines.com\/?s={search_term_string}"},"query-input":{"@type":"PropertyValueSpecification","valueRequired":true,"valueName":"search_term_string"}}],"inLanguage":"en-GB"}]}},"_links":{"self":[{"href":"https:\/\/www.karismawines.com\/en\/wp-json\/wp\/v2\/pages\/4818","targetHints":{"allow":["GET"]}}],"collection":[{"href":"https:\/\/www.karismawines.com\/en\/wp-json\/wp\/v2\/pages"}],"about":[{"href":"https:\/\/www.karismawines.com\/en\/wp-json\/wp\/v2\/types\/page"}],"author":[{"embeddable":true,"href":"https:\/\/www.karismawines.com\/en\/wp-json\/wp\/v2\/users\/1"}],"replies":[{"embeddable":true,"href":"https:\/\/www.karismawines.com\/en\/wp-json\/wp\/v2\/comments?post=4818"}],"version-history":[{"count":5,"href":"https:\/\/www.karismawines.com\/en\/wp-json\/wp\/v2\/pages\/4818\/revisions"}],"predecessor-version":[{"id":5068,"href":"https:\/\/www.karismawines.com\/en\/wp-json\/wp\/v2\/pages\/4818\/revisions\/5068"}],"wp:attachment":[{"href":"https:\/\/www.karismawines.com\/en\/wp-json\/wp\/v2\/media?parent=4818"}],"curies":[{"name":"wp","href":"https:\/\/api.w.org\/{rel}","templated":true}]}}